{"id":28575,"date":"2025-04-14T10:38:27","date_gmt":"2025-04-14T10:38:27","guid":{"rendered":"https:\/\/elvaro.lv\/checkout\/"},"modified":"2025-04-23T11:15:05","modified_gmt":"2025-04-23T11:15:05","slug":"checkout","status":"publish","type":"page","link":"https:\/\/www.elvaro.lv\/ru\/checkout\/","title":{"rendered":"Checkout"},"content":{"rendered":"<div class=\"woocommerce\"><div class=\"woocommerce-notices-wrapper\"><\/div><div class=\"woocommerce-form-coupon-toggle\">\n\t\n\t<div class=\"woocommerce-info\">\n\t\t\u0415\u0441\u0442\u044c \u043a\u0443\u043f\u043e\u043d? <a href=\"#\" role=\"button\" aria-label=\"\u0412\u0432\u0435\u0434\u0438\u0442\u0435 \u043a\u043e\u0434 \u043a\u0443\u043f\u043e\u043d\u0430\" aria-controls=\"woocommerce-checkout-form-coupon\" aria-expanded=\"false\" class=\"showcoupon\">\u041d\u0430\u0436\u043c\u0438\u0442\u0435, \u0447\u0442\u043e\u0431\u044b \u0432\u0432\u0435\u0441\u0442\u0438 \u043a\u043e\u0434<\/a>\t<\/div>\n<\/div>\n\n<form class=\"checkout_coupon woocommerce-form-coupon\" method=\"post\" style=\"display:none\" id=\"woocommerce-checkout-form-coupon\">\n\n\t<p class=\"form-row form-row-first\">\n\t\t<label for=\"coupon_code\" class=\"screen-reader-text\">\u041a\u0443\u043f\u043e\u043d:<\/label>\n\t\t<input type=\"text\" name=\"coupon_code\" class=\"input-text\" placeholder=\"\u041a\u043e\u0434 \u043a\u0443\u043f\u043e\u043d\u0430\" id=\"coupon_code\" value=\"\" \/>\n\t<\/p>\n\n\t<p class=\"form-row form-row-last\">\n\t\t<button type=\"submit\" class=\"button\" name=\"apply_coupon\" value=\"\u041f\u0440\u0438\u043c\u0435\u043d\u0438\u0442\u044c \u043a\u0443\u043f\u043e\u043d\">\u041f\u0440\u0438\u043c\u0435\u043d\u0438\u0442\u044c \u043a\u0443\u043f\u043e\u043d<\/button>\n\t<\/p>\n\n\t<div class=\"clear\"><\/div>\n<\/form>\n<div class=\"woocommerce-notices-wrapper\"><\/div>\n<form name=\"checkout\" method=\"post\" class=\"checkout woocommerce-checkout\" action=\"https:\/\/www.elvaro.lv\/ru\/checkout\/\" enctype=\"multipart\/form-data\" aria-label=\"\u041a\u0423\u041f\u0418\u0422\u042c\">\n\n\t\t\t\n\t\t\t\t\n\t\t\t\t<div class=\"customer-details\" id=\"customer_details\">\n\t\t\t\t\t<wc-order-attribution-inputs><\/wc-order-attribution-inputs><div class=\"woocommerce-billing-fields\">\n\t\n\t\t<h3>\u0414\u0435\u0442\u0430\u043b\u0438 \u043e\u043f\u043b\u0430\u0442\u044b<\/h3>\n\n\t\n\t\n\t<div class=\"woocommerce-billing-fields__field-wrapper\">\n\t\t<p class=\"form-row form-row-first validate-required\" id=\"billing_first_name_field\" data-priority=\"10\"><label for=\"billing_first_name\" class=\"required_field\">\u0418\u043c\u044f&nbsp;<span class=\"required\" aria-hidden=\"true\">*<\/span><\/label><span class=\"woocommerce-input-wrapper\"><input type=\"text\" class=\"input-text \" name=\"billing_first_name\" id=\"billing_first_name\" placeholder=\"\"  value=\"\" aria-required=\"true\" autocomplete=\"given-name\" \/><\/span><\/p><p class=\"form-row form-row-last validate-required\" id=\"billing_last_name_field\" data-priority=\"20\"><label for=\"billing_last_name\" class=\"required_field\">\u0424\u0430\u043c\u0438\u043b\u0438\u044f&nbsp;<span class=\"required\" aria-hidden=\"true\">*<\/span><\/label><span class=\"woocommerce-input-wrapper\"><input type=\"text\" class=\"input-text \" name=\"billing_last_name\" id=\"billing_last_name\" placeholder=\"\"  value=\"\" aria-required=\"true\" autocomplete=\"family-name\" \/><\/span><\/p><p class=\"form-row form-row-wide\" id=\"billing_company_field\" data-priority=\"30\"><label for=\"billing_company\" class=\"\">\u041d\u0430\u0437\u0432\u0430\u043d\u0438\u0435 \u043a\u043e\u043c\u043f\u0430\u043d\u0438\u0438&nbsp;<span class=\"optional\">(\u043d\u0435\u043e\u0431\u044f\u0437\u0430\u0442\u0435\u043b\u044c\u043d\u043e)<\/span><\/label><span class=\"woocommerce-input-wrapper\"><input type=\"text\" class=\"input-text \" name=\"billing_company\" id=\"billing_company\" placeholder=\"\"  value=\"\" autocomplete=\"organization\" \/><\/span><\/p><p class=\"form-row form-row-wide address-field update_totals_on_change validate-required\" id=\"billing_country_field\" data-priority=\"40\"><label for=\"billing_country\" class=\"required_field\">\u0421\u0442\u0440\u0430\u043d\u0430\/\u0440\u0435\u0433\u0438\u043e\u043d&nbsp;<span class=\"required\" aria-hidden=\"true\">*<\/span><\/label><span class=\"woocommerce-input-wrapper\"><select name=\"billing_country\" id=\"billing_country\" class=\"country_to_state country_select \" aria-required=\"true\" autocomplete=\"country\" data-placeholder=\"\u0412\u044b\u0431\u0435\u0440\u0438\u0442\u0435 \u0441\u0442\u0440\u0430\u043d\u0443\/\u0440\u0435\u0433\u0438\u043e\u043d&hellip;\" data-label=\"\u0421\u0442\u0440\u0430\u043d\u0430\/\u0440\u0435\u0433\u0438\u043e\u043d\"><option value=\"\">\u0412\u044b\u0431\u0435\u0440\u0438\u0442\u0435 \u0441\u0442\u0440\u0430\u043d\u0443\/\u0440\u0435\u0433\u0438\u043e\u043d&hellip;<\/option><option value=\"EE\" >\u042d\u0441\u0442\u043e\u043d\u0438\u044f<\/option><option value=\"LV\"  selected='selected'>\u041b\u0430\u0442\u0432\u0438\u044f<\/option><option value=\"LT\" >\u041b\u0438\u0442\u0432\u0430<\/option>&nbsp;<span class=\"required\" aria-hidden=\"true\">*<\/span><\/select><noscript><button type=\"submit\" name=\"woocommerce_checkout_update_totals\" value=\"\u041e\u0431\u043d\u043e\u0432\u0438\u0442\u044c \u0441\u0442\u0440\u0430\u043d\u0443\/\u0440\u0435\u0433\u0438\u043e\u043d\">\u041e\u0431\u043d\u043e\u0432\u0438\u0442\u044c \u0441\u0442\u0440\u0430\u043d\u0443\/\u0440\u0435\u0433\u0438\u043e\u043d<\/button><\/noscript><\/span><\/p><p class=\"form-row form-row-wide address-field validate-required\" id=\"billing_address_1_field\" data-priority=\"50\"><label for=\"billing_address_1\" class=\"required_field\">\u0410\u0434\u0440\u0435\u0441&nbsp;<span class=\"required\" aria-hidden=\"true\">*<\/span><\/label><span class=\"woocommerce-input-wrapper\"><input type=\"text\" class=\"input-text \" name=\"billing_address_1\" id=\"billing_address_1\" placeholder=\"\u041d\u043e\u043c\u0435\u0440 \u0434\u043e\u043c\u0430 \u0438 \u043d\u0430\u0437\u0432\u0430\u043d\u0438\u0435 \u0443\u043b\u0438\u0446\u044b\"  value=\"\" aria-required=\"true\" autocomplete=\"address-line1\" \/><\/span><\/p><p class=\"form-row form-row-wide multiparcels-door-code multiparcels-door-code-invisible\" id=\"door_code_field\" data-priority=\"61\"><label for=\"door_code\" class=\"\">\u041a\u043e\u0434 \u0434\u0432\u0435\u0440\u0438&nbsp;<span class=\"optional\">(\u043d\u0435\u043e\u0431\u044f\u0437\u0430\u0442\u0435\u043b\u044c\u043d\u043e)<\/span><\/label><span class=\"woocommerce-input-wrapper\"><input type=\"text\" class=\"input-text \" name=\"door_code\" id=\"door_code\" placeholder=\"\u0427\u0442\u043e\u0431\u044b \u0443\u043f\u0440\u043e\u0441\u0442\u0438\u0442\u044c \u0438 \u0443\u0441\u043a\u043e\u0440\u0438\u0442\u044c \u0434\u043e\u0441\u0442\u0430\u0432\u043a\u0443 \u043a\u0443\u0440\u044c\u0435\u0440\u043e\u043c \u0434\u043b\u044f \u0434\u043e\u0441\u0442\u0430\u0432\u043a\u0438 \u0432\u0430\u0448\u0435\u0433\u043e \u0437\u0430\u043a\u0430\u0437\u0430\"  value=\"\" maxlength=\"10\" autocomplete=\"off\" \/><\/span><\/p><p class=\"form-row form-row-wide address-field validate-required\" id=\"billing_city_field\" data-priority=\"70\"><label for=\"billing_city\" class=\"required_field\">\u041d\u0430\u0441\u0435\u043b\u0451\u043d\u043d\u044b\u0439 \u043f\u0443\u043d\u043a\u0442&nbsp;<span class=\"required\" aria-hidden=\"true\">*<\/span><\/label><span class=\"woocommerce-input-wrapper\"><input type=\"text\" class=\"input-text \" name=\"billing_city\" id=\"billing_city\" placeholder=\"\"  value=\"\" aria-required=\"true\" autocomplete=\"address-level2\" \/><\/span><\/p><p class=\"form-row form-row-wide\" id=\"preferred_delivery_time_field\" data-priority=\"71\"><label for=\"preferred_delivery_time\" class=\"\">\u041f\u0440\u0435\u0434\u043f\u043e\u0447\u0442\u0438\u0442\u0435\u043b\u044c\u043d\u043e\u0435 \u0432\u0440\u0435\u043c\u044f \u0434\u043e\u0441\u0442\u0430\u0432\u043a\u0438&nbsp;<span class=\"optional\">(\u043d\u0435\u043e\u0431\u044f\u0437\u0430\u0442\u0435\u043b\u044c\u043d\u043e)<\/span><\/label><span class=\"woocommerce-input-wrapper\"><select name=\"preferred_delivery_time\" id=\"preferred_delivery_time\" class=\"select \" autocomplete=\"off\" data-placeholder=\"\">\n\t\t\t\t\t\t\t<option value=\"0\" >\u0432 \u043b\u044e\u0431\u043e\u0435 \u0432\u0440\u0435\u043c\u044f<\/option>\n\t\t\t\t\t\t<\/select><\/span><\/p><p class=\"form-row form-row-wide address-field validate-required validate-postcode\" id=\"billing_postcode_field\" data-priority=\"90\"><label for=\"billing_postcode\" class=\"required_field\">\u041f\u043e\u0447\u0442\u043e\u0432\u044b\u0439 \u0438\u043d\u0434\u0435\u043a\u0441&nbsp;<span class=\"required\" aria-hidden=\"true\">*<\/span><\/label><span class=\"woocommerce-input-wrapper\"><input type=\"text\" class=\"input-text \" name=\"billing_postcode\" id=\"billing_postcode\" placeholder=\"\"  value=\"\" aria-required=\"true\" autocomplete=\"postal-code\" \/><\/span><\/p><p class=\"form-row form-row-wide validate-required validate-phone\" id=\"billing_phone_field\" data-priority=\"100\"><label for=\"billing_phone\" class=\"required_field\">\u0422\u0435\u043b\u0435\u0444\u043e\u043d&nbsp;<span class=\"required\" aria-hidden=\"true\">*<\/span><\/label><span class=\"woocommerce-input-wrapper\"><input type=\"tel\" class=\"input-text \" name=\"billing_phone\" id=\"billing_phone\" placeholder=\"\"  value=\"\" aria-required=\"true\" autocomplete=\"tel\" \/><\/span><\/p><p class=\"form-row form-row-wide validate-required validate-email\" id=\"billing_email_field\" data-priority=\"110\"><label for=\"billing_email\" class=\"required_field\">Email&nbsp;<span class=\"required\" aria-hidden=\"true\">*<\/span><\/label><span class=\"woocommerce-input-wrapper\"><input type=\"email\" class=\"input-text \" name=\"billing_email\" id=\"billing_email\" placeholder=\"\"  value=\"\" aria-required=\"true\" autocomplete=\"email\" \/><\/span><\/p>\t<\/div>\n\n\t<\/div>\n\n\t\t\t\t\t<div class=\"woocommerce-shipping-fields\">\n\t\n\t\t<h3 id=\"ship-to-different-address\">\n\t\t\t<label class=\"woocommerce-form__label woocommerce-form__label-for-checkbox checkbox\">\n\t\t\t\t<input id=\"ship-to-different-address-checkbox\" class=\"woocommerce-form__input woocommerce-form__input-checkbox input-checkbox\"  type=\"checkbox\" name=\"ship_to_different_address\" value=\"1\" \/> <span>\u0414\u043e\u0441\u0442\u0430\u0432\u043a\u0430 \u043f\u043e \u0434\u0440\u0443\u0433\u043e\u043c\u0443 \u0430\u0434\u0440\u0435\u0441\u0443?<\/span>\n\t\t\t<\/label>\n\t\t<\/h3>\n\n\t\t<div class=\"shipping_address\">\n\n\t\t\t\n\t\t\t<div class=\"woocommerce-shipping-fields__field-wrapper\">\n\t\t\t\t<p class=\"form-row form-row-first validate-required\" id=\"shipping_first_name_field\" data-priority=\"10\"><label for=\"shipping_first_name\" class=\"required_field\">\u0418\u043c\u044f&nbsp;<span class=\"required\" aria-hidden=\"true\">*<\/span><\/label><span class=\"woocommerce-input-wrapper\"><input type=\"text\" class=\"input-text \" name=\"shipping_first_name\" id=\"shipping_first_name\" placeholder=\"\"  value=\"\" aria-required=\"true\" autocomplete=\"given-name\" \/><\/span><\/p><p class=\"form-row form-row-last validate-required\" id=\"shipping_last_name_field\" data-priority=\"20\"><label for=\"shipping_last_name\" class=\"required_field\">\u0424\u0430\u043c\u0438\u043b\u0438\u044f&nbsp;<span class=\"required\" aria-hidden=\"true\">*<\/span><\/label><span class=\"woocommerce-input-wrapper\"><input type=\"text\" class=\"input-text \" name=\"shipping_last_name\" id=\"shipping_last_name\" placeholder=\"\"  value=\"\" aria-required=\"true\" autocomplete=\"family-name\" \/><\/span><\/p><p class=\"form-row form-row-wide\" id=\"shipping_company_field\" data-priority=\"30\"><label for=\"shipping_company\" class=\"\">\u041d\u0430\u0437\u0432\u0430\u043d\u0438\u0435 \u043a\u043e\u043c\u043f\u0430\u043d\u0438\u0438&nbsp;<span class=\"optional\">(\u043d\u0435\u043e\u0431\u044f\u0437\u0430\u0442\u0435\u043b\u044c\u043d\u043e)<\/span><\/label><span class=\"woocommerce-input-wrapper\"><input type=\"text\" class=\"input-text \" name=\"shipping_company\" id=\"shipping_company\" placeholder=\"\"  value=\"\" autocomplete=\"organization\" \/><\/span><\/p><p class=\"form-row form-row-wide address-field update_totals_on_change validate-required\" id=\"shipping_country_field\" data-priority=\"40\"><label for=\"shipping_country\" class=\"required_field\">\u0421\u0442\u0440\u0430\u043d\u0430\/\u0440\u0435\u0433\u0438\u043e\u043d&nbsp;<span class=\"required\" aria-hidden=\"true\">*<\/span><\/label><span class=\"woocommerce-input-wrapper\"><select name=\"shipping_country\" id=\"shipping_country\" class=\"country_to_state country_select \" aria-required=\"true\" autocomplete=\"country\" data-placeholder=\"\u0412\u044b\u0431\u0435\u0440\u0438\u0442\u0435 \u0441\u0442\u0440\u0430\u043d\u0443\/\u0440\u0435\u0433\u0438\u043e\u043d&hellip;\" data-label=\"\u0421\u0442\u0440\u0430\u043d\u0430\/\u0440\u0435\u0433\u0438\u043e\u043d\"><option value=\"\">\u0412\u044b\u0431\u0435\u0440\u0438\u0442\u0435 \u0441\u0442\u0440\u0430\u043d\u0443\/\u0440\u0435\u0433\u0438\u043e\u043d&hellip;<\/option><option value=\"EE\" >\u042d\u0441\u0442\u043e\u043d\u0438\u044f<\/option><option value=\"LV\"  selected='selected'>\u041b\u0430\u0442\u0432\u0438\u044f<\/option><option value=\"LT\" >\u041b\u0438\u0442\u0432\u0430<\/option>&nbsp;<span class=\"required\" aria-hidden=\"true\">*<\/span><\/select><noscript><button type=\"submit\" name=\"woocommerce_checkout_update_totals\" value=\"\u041e\u0431\u043d\u043e\u0432\u0438\u0442\u044c \u0441\u0442\u0440\u0430\u043d\u0443\/\u0440\u0435\u0433\u0438\u043e\u043d\">\u041e\u0431\u043d\u043e\u0432\u0438\u0442\u044c \u0441\u0442\u0440\u0430\u043d\u0443\/\u0440\u0435\u0433\u0438\u043e\u043d<\/button><\/noscript><\/span><\/p><p class=\"form-row form-row-wide address-field validate-required\" id=\"shipping_address_1_field\" data-priority=\"50\"><label for=\"shipping_address_1\" class=\"required_field\">\u0410\u0434\u0440\u0435\u0441&nbsp;<span class=\"required\" aria-hidden=\"true\">*<\/span><\/label><span class=\"woocommerce-input-wrapper\"><input type=\"text\" class=\"input-text \" name=\"shipping_address_1\" id=\"shipping_address_1\" placeholder=\"\u041d\u043e\u043c\u0435\u0440 \u0434\u043e\u043c\u0430 \u0438 \u043d\u0430\u0437\u0432\u0430\u043d\u0438\u0435 \u0443\u043b\u0438\u0446\u044b\"  value=\"\" aria-required=\"true\" autocomplete=\"address-line1\" \/><\/span><\/p><p class=\"form-row form-row-wide address-field validate-required\" id=\"shipping_city_field\" data-priority=\"70\"><label for=\"shipping_city\" class=\"required_field\">\u041d\u0430\u0441\u0435\u043b\u0451\u043d\u043d\u044b\u0439 \u043f\u0443\u043d\u043a\u0442&nbsp;<span class=\"required\" aria-hidden=\"true\">*<\/span><\/label><span class=\"woocommerce-input-wrapper\"><input type=\"text\" class=\"input-text \" name=\"shipping_city\" id=\"shipping_city\" placeholder=\"\"  value=\"\" aria-required=\"true\" autocomplete=\"address-level2\" \/><\/span><\/p><p class=\"form-row form-row-wide address-field validate-required validate-postcode\" id=\"shipping_postcode_field\" data-priority=\"90\"><label for=\"shipping_postcode\" class=\"required_field\">\u041f\u043e\u0447\u0442\u043e\u0432\u044b\u0439 \u0438\u043d\u0434\u0435\u043a\u0441&nbsp;<span class=\"required\" aria-hidden=\"true\">*<\/span><\/label><span class=\"woocommerce-input-wrapper\"><input type=\"text\" class=\"input-text \" name=\"shipping_postcode\" id=\"shipping_postcode\" placeholder=\"\"  value=\"\" aria-required=\"true\" autocomplete=\"postal-code\" \/><\/span><\/p><p class=\"form-row form-row-wide validate-phone\" id=\"shipping_phone_field\" data-priority=\"100\"><label for=\"shipping_phone\" class=\"\">\u0422\u0435\u043b\u0435\u0444\u043e\u043d&nbsp;<span class=\"optional\">(\u043d\u0435\u043e\u0431\u044f\u0437\u0430\u0442\u0435\u043b\u044c\u043d\u043e)<\/span><\/label><span class=\"woocommerce-input-wrapper\"><input type=\"text\" class=\"input-text \" name=\"shipping_phone\" id=\"shipping_phone\" placeholder=\"\"  value=\"\" autocomplete=\"tel\" \/><\/span><\/p>\t\t\t<\/div>\n\n\t\t\t\n\t\t<\/div>\n\n\t<\/div>\n<div class=\"woocommerce-additional-fields\">\n\t\n\t\n\t\t\n\t\t<div class=\"woocommerce-additional-fields__field-wrapper\">\n\t\t\t\t\t\t\t<p class=\"form-row notes\" id=\"order_comments_field\" data-priority=\"\"><label for=\"order_comments\" class=\"\">\u041f\u0440\u0438\u043c\u0435\u0447\u0430\u043d\u0438\u0435 \u043a \u0437\u0430\u043a\u0430\u0437\u0443&nbsp;<span class=\"optional\">(\u043d\u0435\u043e\u0431\u044f\u0437\u0430\u0442\u0435\u043b\u044c\u043d\u043e)<\/span><\/label><span class=\"woocommerce-input-wrapper\"><textarea name=\"order_comments\" class=\"input-text \" id=\"order_comments\" placeholder=\"\u041f\u0440\u0438\u043c\u0435\u0447\u0430\u043d\u0438\u044f \u043a \u0432\u0430\u0448\u0435\u043c\u0443 \u0437\u0430\u043a\u0430\u0437\u0443, \u043d\u0430\u043f\u0440\u0438\u043c\u0435\u0440, \u043e\u0441\u043e\u0431\u044b\u0435 \u043f\u043e\u0436\u0435\u043b\u0430\u043d\u0438\u044f \u043e\u0442\u0434\u0435\u043b\u0443 \u0434\u043e\u0441\u0442\u0430\u0432\u043a\u0438.\"  rows=\"2\" cols=\"5\"><\/textarea><\/span><\/p>\t\t\t\t\t<\/div>\n\n\t\n\t<\/div>\n\t\t\t\t<\/div>\n\n\t\t\t\t\n\t\t\t\n\t\t<div class=\"checkout-order-review\">\n\t\t\t\n\t\t\t<h3 id=\"order_review_heading\">\u0412\u0430\u0448 \u0437\u0430\u043a\u0430\u0437<\/h3>\n\n\t\t\t\n\t\t\t<div id=\"order_review\" class=\"woocommerce-checkout-review-order\">\n\t\t\t\t\t\t<div class=\"wd-table-wrapper wd-manage-on\">\n\t\t<table class=\"shop_table woocommerce-checkout-review-order-table\">\n\t<thead>\n\t\t<tr>\n\t\t\t<th class=\"product-name\">\u0422\u043e\u0432\u0430\u0440<\/th>\n\t\t\t<th class=\"product-total\">\u041f\u043e\u0434\u0438\u0442\u043e\u0433<\/th>\n\t\t<\/tr>\n\t<\/thead>\n\t<tbody>\n\t\t\t\t\t\t<tr class=\"cart_item\">\n\t\t\t\t\t<td class=\"product-name\">\n\t\t\t\t\t\ttests&nbsp;&nbsp;\t\t\t\t\t\t <strong class=\"product-quantity\">&times;&nbsp;1<\/strong>\t\t\t\t\t\t<ul class=\"variation\">\n\t\t\t<li class=\"variation-\">\n\t\t\t<span class=\"item-variation-name\">:<\/span>\n\t\t\t<span class=\"item-variation-value\"><\/span>\n\t\t<\/li>\n\t<\/ul>\n\t\t\t\t\t<\/td>\n\t\t\t\t\t<td class=\"product-total\">\n\t\t\t\t\t\t<span class=\"woocommerce-Price-amount amount\"><bdi>155.00<span class=\"woocommerce-Price-currencySymbol\">&euro;<\/span><\/bdi><\/span>\t\t\t\t\t<\/td>\n\t\t\t\t<\/tr>\n\t\t\t\t\t<\/tbody>\n\t<tfoot>\n\n\t\t<tr class=\"cart-subtotal\">\n\t\t\t<th>\u041f\u043e\u0434\u0438\u0442\u043e\u0433<\/th>\n\t\t\t<td><span class=\"woocommerce-Price-amount amount\"><bdi>155.00<span class=\"woocommerce-Price-currencySymbol\">&euro;<\/span><\/bdi><\/span><\/td>\n\t\t<\/tr>\n\n\t\t\n\t\t\n\t\t\t\n\t\t\t<tr class=\"woocommerce-shipping-totals shipping\">\n\t<th>\u0414\u043e\u0441\u0442\u0430\u0432\u043a\u0430<\/th>\n\t<td data-title=\"\u0414\u043e\u0441\u0442\u0430\u0432\u043a\u0430\">\n\t\t\t\t\t<ul id=\"shipping_method\" class=\"woocommerce-shipping-methods\">\n\t\t\t\t\t\t\t\t\t<li>\n\t\t\t\t\t\t<input type=\"radio\" name=\"shipping_method[0]\" data-index=\"0\" id=\"shipping_method_0_multiparcels_omniva_lv_pickup_point1\" value=\"multiparcels_omniva_lv_pickup_point:1\" class=\"shipping_method\"  checked='checked' \/><label for=\"shipping_method_0_multiparcels_omniva_lv_pickup_point1\"><div class='multiparcels-carrier-icon-image-holder'><img class='multiparcels_carrier_icon multiparcels_carrier_icon_omniva_lv' src='https:\/\/www.elvaro.lv\/wp-content\/plugins\/multiparcels-shipping-for-woocommerce\/public\/images\/carriers\/omniva_lv.png' style='max-width: 100px'><\/div>Omniva (Latvia) Terminals<\/label>\t\t\t\t\t<\/li>\n\t\t\t\t\t\t\t\t\t<li>\n\t\t\t\t\t\t<input type=\"radio\" name=\"shipping_method[0]\" data-index=\"0\" id=\"shipping_method_0_multiparcels_dpd_pickup_point2\" value=\"multiparcels_dpd_pickup_point:2\" class=\"shipping_method\"  \/><label for=\"shipping_method_0_multiparcels_dpd_pickup_point2\"><div class='multiparcels-carrier-icon-image-holder'><img class='multiparcels_carrier_icon multiparcels_carrier_icon_dpd' src='https:\/\/www.elvaro.lv\/wp-content\/plugins\/multiparcels-shipping-for-woocommerce\/public\/images\/carriers\/dpd.png' style='max-width: 100px'><\/div>DPD Terminals\/Pickup Points<\/label>\t\t\t\t\t<\/li>\n\t\t\t\t\t\t\t\t\t<li>\n\t\t\t\t\t\t<input type=\"radio\" name=\"shipping_method[0]\" data-index=\"0\" id=\"shipping_method_0_local_pickup3\" value=\"local_pickup:3\" class=\"shipping_method\"  \/><label for=\"shipping_method_0_local_pickup3\">Pakom\u0101ts Bukultu iel\u0101 1f (bezmaksas sa\u0146em\u0161ana1)<\/label>\t\t\t\t\t<\/li>\n\t\t\t\t\t\t\t<\/ul>\n\t\t\t\t\t\t\n\t\t\n\t\t\t<\/td>\n<\/tr>\n\n\t\t\t\n\t\t\n\t\t\n\t\t\n\t\t\n\t\t<tr class=\"order-total\">\n\t\t\t<th>\u0418\u0442\u043e\u0433\u043e<\/th>\n\t\t\t<td><strong><span class=\"woocommerce-Price-amount amount\"><bdi>155.00<span class=\"woocommerce-Price-currencySymbol\">&euro;<\/span><\/bdi><\/span><\/strong> <\/td>\n\t\t<\/tr>\n\n\t\t\n\t<\/tfoot>\n<\/table>\n<input type='hidden' name='lang' value='ru' \/><\/div>\r        <div id=\"mp-wc-pickup-point-shipping\" style=\"display: none;padding-top: 0.5em;\">\r\r            \r            <div class=\"form-row form-row-wide\">\r\r                \r                    <strong class=\"mp-please-select-location\">\r\r                        \u041c\u0435\u0441\u0442\u043e \u043f\u043e\u043b\u0443\u0447\u0435\u043d\u0438\u044f <br>\r\r                    <\/strong>\r\r                    \r\r\r                <select id=\"mp-wc-pickup-point-shipping-select\"\r\r                        name=\"multiparcels_location_identifier\"\r\r                        style=\"width: 100%\">\r\r                    <option value=\"\">\u041f\u043e\u0436\u0430\u043b\u0443\u0439\u0441\u0442\u0430, \u0432\u044b\u0431\u0435\u0440\u0438\u0442\u0435 \u043c\u0435\u0441\u0442\u043e \u043f\u043e\u043b\u0443\u0447\u0435\u043d\u0438\u044f<\/option>\r\r                <\/select>\r\r            <\/div>\r\r\r\r            <div class=\"form-row form-row-wide\">\r\r                <div class=\"mp-selected-pickup-point-info\"><\/div>\r\r            <\/div>\r\r\r\r            <div id=\"mp-map-preview\" style=\"display: none;\">\r\r                <div id=\"mp-gmap\"><\/div>\r\r            <\/div>\r\r            \r        <\/div>\r\r        <div id=\"payment\" class=\"woocommerce-checkout-payment\">\n\t\t\t<ul class=\"wc_payment_methods payment_methods methods\">\n\t\t\t<li class=\"wc_payment_method payment_method_everypay_sdk\">\n\t<input id=\"payment_method_everypay_sdk\" type=\"radio\" class=\"input-radio\" name=\"payment_method\" value=\"everypay_sdk\"  checked='checked' data-order_button_text=\"\" \/>\n\n\t<label for=\"payment_method_everypay_sdk\">\n\t\tBank payment \t<\/label>\n\t\t\t<div class=\"payment_box payment_method_everypay_sdk\" >\n\t\t\t\n<div class=\"everypay-wrapper\">\n\n    \n    <fieldset id=\"everypay_sdk-form\">\n\n        \n<div class=\"everypay-wrapper\">\n    <div id=\"everypayPaymentElement\"><\/div>\n\n    <input\n        type=\"hidden\"\n        name=\"everypay_sdk[method]\"\n        value=\"everypay_sdk\"\n    >\n<\/div>\n\n        \n    <\/fieldset>\n\n    \n<\/div>\n\t\t<\/div>\n\t<\/li>\n\t\t<\/ul>\n\t\t<div class=\"form-row place-order\">\n\t\t<noscript>\n\t\t\t\u041f\u043e\u0441\u043a\u043e\u043b\u044c\u043a\u0443 \u0432\u0430\u0448 \u0431\u0440\u0430\u0443\u0437\u0435\u0440 \u043d\u0435 \u043f\u043e\u0434\u0434\u0435\u0440\u0436\u0438\u0432\u0430\u0435\u0442 JavaScript \u0438\u043b\u0438 \u0432 \u043d\u0435\u043c \u043e\u043d \u043e\u0442\u043a\u043b\u044e\u0447\u0435\u043d, \u043f\u0440\u043e\u0441\u0438\u043c \u0443\u0431\u0435\u0434\u0438\u0442\u044c\u0441\u044f \u0432 \u0442\u043e\u043c, \u0447\u0442\u043e \u0432\u044b \u043d\u0430\u0436\u0430\u043b\u0438 \u043a\u043d\u043e\u043f\u043a\u0443 <em>\u041e\u0431\u043d\u043e\u0432\u0438\u0442\u044c \u0438\u0442\u043e\u0433<\/em> \u043f\u0435\u0440\u0435\u0434 \u0440\u0435\u0433\u0438\u0441\u0442\u0440\u0430\u0446\u0438\u0435\u0439 \u0437\u0430\u043a\u0430\u0437\u0430. \u0418\u043d\u0430\u0447\u0435, \u0435\u0441\u0442\u044c \u0440\u0438\u0441\u043a \u043d\u0435\u043f\u0440\u0430\u0432\u0438\u043b\u044c\u043d\u043e\u0433\u043e \u043f\u043e\u0434\u0441\u0447\u0435\u0442\u0430 \u0441\u0442\u043e\u0438\u043c\u043e\u0441\u0442\u0438.\t\t\t<br\/><button type=\"submit\" class=\"button alt\" name=\"woocommerce_checkout_update_totals\" value=\"\u041e\u0431\u043d\u043e\u0432\u0438\u0442\u044c \u0438\u0442\u043e\u0433\">\u041e\u0431\u043d\u043e\u0432\u0438\u0442\u044c \u0438\u0442\u043e\u0433<\/button>\n\t\t<\/noscript>\n\n\t\t\t<div class=\"woocommerce-terms-and-conditions-wrapper\">\n\t\t<div class=\"woocommerce-privacy-policy-text\"><p>\u0412\u0430\u0448\u0438 \u043f\u0435\u0440\u0441\u043e\u043d\u0430\u043b\u044c\u043d\u044b\u0435 \u0434\u0430\u043d\u043d\u044b\u0435 \u0431\u0443\u0434\u0443\u0442 \u0438\u0441\u043f\u043e\u043b\u044c\u0437\u043e\u0432\u0430\u0442\u044c\u0441\u044f \u0434\u043b\u044f \u043e\u0431\u0440\u0430\u0431\u043e\u0442\u043a\u0438 \u0432\u0430\u0448\u0438\u0445 \u0437\u0430\u043a\u0430\u0437\u043e\u0432, \u0443\u043f\u0440\u043e\u0449\u0435\u043d\u0438\u044f \u0432\u0430\u0448\u0435\u0433\u043e \u0432\u0437\u0430\u0438\u043c\u043e\u0434\u0435\u0439\u0441\u0442\u0432\u0438\u044f \u0441 \u0441\u0430\u0439\u0442\u043e\u043c \u0438 \u0434\u043b\u044f \u043f\u0440\u043e\u0447\u0438\u0445 \u0446\u0435\u043b\u0435\u0439, \u043e\u043f\u0438\u0441\u0430\u043d\u043d\u044b\u0445 \u0432 \u0434\u043e\u043a\u0443\u043c\u0435\u043d\u0442\u0435 <a href=\"https:\/\/www.elvaro.lv\/en\/?page_id=3\" class=\"woocommerce-privacy-policy-link\" target=\"_blank\">\u043f\u043e\u043b\u0438\u0442\u0438\u043a\u0430 \u043a\u043e\u043d\u0444\u0438\u0434\u0435\u043d\u0446\u0438\u0430\u043b\u044c\u043d\u043e\u0441\u0442\u0438<\/a><\/p>\n<\/div>\n\t\t\t<\/div>\n\t\n\t\t\n\t\t<button type=\"submit\" class=\"button alt\" name=\"woocommerce_checkout_place_order\" id=\"place_order\" value=\"\u041a\u0423\u041f\u0418\u0422\u042c\" data-value=\"\u041a\u0423\u041f\u0418\u0422\u042c\">\u041a\u0423\u041f\u0418\u0422\u042c<\/button>\n\t\t\n\t\t<input type=\"hidden\" id=\"woocommerce-process-checkout-nonce\" name=\"woocommerce-process-checkout-nonce\" value=\"ac13a8d48e\" \/><input type=\"hidden\" name=\"_wp_http_referer\" value=\"\/ru\/wp-json\/wp\/v2\/pages\/28575\" \/>\t<\/div>\n<\/div>\n\t\t\t<\/div>\n\n\t\t\t\n\t\t<\/div>\n\t\n<\/form>\n\n<\/div>","protected":false},"excerpt":{"rendered":"","protected":false},"author":1,"featured_media":0,"parent":0,"menu_order":0,"comment_status":"closed","ping_status":"closed","template":"","meta":{"footnotes":""},"class_list":["post-28575","page","type-page","status-publish","hentry"],"_links":{"self":[{"href":"https:\/\/www.elvaro.lv\/ru\/wp-json\/wp\/v2\/pages\/28575","targetHints":{"allow":["GET"]}}],"collection":[{"href":"https:\/\/www.elvaro.lv\/ru\/wp-json\/wp\/v2\/pages"}],"about":[{"href":"https:\/\/www.elvaro.lv\/ru\/wp-json\/wp\/v2\/types\/page"}],"author":[{"embeddable":true,"href":"https:\/\/www.elvaro.lv\/ru\/wp-json\/wp\/v2\/users\/1"}],"replies":[{"embeddable":true,"href":"https:\/\/www.elvaro.lv\/ru\/wp-json\/wp\/v2\/comments?post=28575"}],"version-history":[{"count":0,"href":"https:\/\/www.elvaro.lv\/ru\/wp-json\/wp\/v2\/pages\/28575\/revisions"}],"wp:attachment":[{"href":"https:\/\/www.elvaro.lv\/ru\/wp-json\/wp\/v2\/media?parent=28575"}],"curies":[{"name":"wp","href":"https:\/\/api.w.org\/{rel}","templated":true}]}}